{"id":437,"date":"2025-07-20T20:48:19","date_gmt":"2025-07-20T18:48:19","guid":{"rendered":"http:\/\/fantasticosito.it\/?page_id=437"},"modified":"2025-08-11T18:53:07","modified_gmt":"2025-08-11T16:53:07","slug":"chi-siamo","status":"publish","type":"page","link":"https:\/\/fantasticosito.it\/index.php\/chi-siamo\/","title":{"rendered":"Chi siamo"},"content":{"rendered":"<p><!-- Google Tag Manager (noscript) --><br \/>\n<noscript><iframe src=\"https:\/\/www.googletagmanager.com\/ns.html?id=GTM-TQL889W4\"\nheight=\"0\" width=\"0\" style=\"display:none;visibility:hidden\"><\/iframe><\/noscript><br \/>\n<!-- End Google Tag Manager (noscript) --><\/p>\n\n\n\n<div class=\"wp-block-media-text alignwide has-media-on-the-right is-stacked-on-mobile has-background\" style=\"background:linear-gradient(319deg,rgb(132,57,10) 13%,rgb(112,91,82) 33%,rgb(255,249,249) 40%,rgb(75,173,76) 61%,rgb(255,1,1) 79%);grid-template-columns:auto 21%\"><div class=\"wp-block-media-text__content\">\n<p class=\"has-white-color has-text-color has-link-color has-large-font-size wp-elements-df06cd78d666d6dc5e77272eb153ed42\"><strong>Linda Lupo<\/strong><\/p>\n\n\n\n<h1 class=\"wp-block-heading has-base-2-color has-text-color has-link-color wp-elements-18fd5ddc7226f63d0ac2ceae9cf49e9c\">Architetta<\/h1>\n\n\n\n<h2 class=\"wp-block-heading has-base-2-color has-text-color has-link-color wp-elements-603983f8018dfb174bc1c67d2915b3f3\">Disegnatrice CAD<\/h2>\n\n\n\n<h1 class=\"wp-block-heading has-base-2-color has-text-color has-link-color wp-elements-3cf992dea1bd37d11f6042244901f90d\">Graphic designer <\/h1>\n<\/div><figure class=\"wp-block-media-text__media\"><img loading=\"lazy\" decoding=\"async\" width=\"540\" height=\"960\" src=\"http:\/\/fantasticosito.it\/wp-content\/uploads\/2025\/08\/foto-lin2.jpg\" alt=\"\" class=\"wp-image-966 size-full\" srcset=\"https:\/\/fantasticosito.it\/wp-content\/uploads\/2025\/08\/foto-lin2.jpg 540w, https:\/\/fantasticosito.it\/wp-content\/uploads\/2025\/08\/foto-lin2-169x300.jpg 169w\" sizes=\"auto, (max-width: 540px) 100vw, 540px\" \/><\/figure><\/div>\n\n\n\n<pre class=\"wp-block-verse\"><\/pre>\n\n\n\n<p class=\"has-contrast-color has-text-color has-link-color has-medium-font-size wp-elements-8d77348ab6cf7a5fd67784d004aa1ecf\">Una passione innata per l&#8217;architettura e il design<\/p>\n\n\n\n<p class=\"has-contrast-color has-text-color has-link-color has-medium-font-size wp-elements-29035f94dba723833db18284e38053b6\">Laureata in architettura, mi dedico con entusiasmo alla progettazione ed alla grafica in tutti i suoi aspetti. <\/p>\n\n\n\n<p class=\"has-contrast-color has-text-color has-link-color has-medium-font-size wp-elements-3d75a613d8d0e233a16fb456e1d55a52\">Con l&#8217;aiuto di professionisti collaboratori, desidero aiutare le persone a realizzare i loro sogni, le micro imprese a presentarsi al meglio sul web. <\/p>\n\n\n\n<p class=\"has-contrast-color has-text-color has-link-color has-medium-font-size wp-elements-7cf985e920e8e06c5765194450495bfc\">La funzionalit\u00e0 e la bellezza possono fondersi, senza necessariamente spendere una fortuna, ma sfruttando la creativit\u00e0, l&#8217;ingegno e mettendo a frutto esperienza e conoscenza. <\/p>\n\n\n\n<p class=\"has-contrast-color has-text-color has-link-color has-medium-font-size wp-elements-df763e7f1ab96ed163e79ea3b4efe325\">Una casa funzionale, \u00e8 una scelta razionale che pu\u00f2 facilitare parecchio la vita, cos\u00ec come una casa bella pu\u00f2 farci sentire emotivamente pi\u00f9 positivi. <\/p>\n\n\n\n<p class=\"has-contrast-color has-text-color has-link-color has-medium-font-size wp-elements-292d5684b3b413dc37ccf8414a6898da\">Questo principio si pu\u00f2 applicare quasi a tutto quello che ci circonda, pensiamo alla moda, alle auto ed anche ai siti web. <\/p>\n\n\n\n<p class=\"has-contrast-color has-text-color has-link-color has-medium-font-size wp-elements-69b0ee55c64fb1c32e26922ee500e12e\">Per conciliare bellezza e funzionalit\u00e0 serve creativit\u00e0, intelligenza, sensibilit\u00e0, ed anche senso pratico.  Non bisogna mai smettere di pensare, studiare e ragionare, per migliorare se stessi ed il mondo che ci circonda. <\/p>\n\n\n\n<p><\/p>\n\n\n\n<p class=\"has-vivid-cyan-blue-color has-text-color has-link-color has-large-font-size wp-elements-3ffd5ba6fd63175c9603319150a05053\">Raccontami &#8230;. Cosa ti porta su questa pagina web?<\/p>\n\n\n\n<div class=\"wp-block-contact-form-7-contact-form-selector\">\n<div class=\"wpcf7 no-js\" id=\"wpcf7-f876-o1\" lang=\"it-IT\" dir=\"ltr\" data-wpcf7-id=\"876\">\n<div class=\"screen-reader-response\"><p role=\"status\" aria-live=\"polite\" aria-atomic=\"true\"><\/p> <ul><\/ul><\/div>\n<form action=\"\/index.php\/wp-json\/wp\/v2\/pages\/437#wpcf7-f876-o1\" method=\"post\" class=\"wpcf7-form init\" aria-label=\"Modulo di contatto\" novalidate=\"novalidate\" data-status=\"init\">\n<div style=\"display: none;\">\n<input type=\"hidden\" name=\"_wpcf7\" value=\"876\" \/>\n<input type=\"hidden\" name=\"_wpcf7_version\" value=\"6.0.6\" \/>\n<input type=\"hidden\" name=\"_wpcf7_locale\" value=\"it_IT\" \/>\n<input type=\"hidden\" name=\"_wpcf7_unit_tag\" value=\"wpcf7-f876-o1\" \/>\n<input type=\"hidden\" name=\"_wpcf7_container_post\" value=\"0\" \/>\n<input type=\"hidden\" name=\"_wpcf7_posted_data_hash\" value=\"\" \/>\n<\/div>\n<p>Formulario di contatto\n<\/p>\n<p><label> Il tuo nome<br \/>\n<span class=\"wpcf7-form-control-wrap\" data-name=\"your-name\"><input size=\"40\" maxlength=\"400\" class=\"wpcf7-form-control wpcf7-text wpcf7-validates-as-required\" autocomplete=\"name\" aria-required=\"true\" aria-invalid=\"false\" value=\"\" type=\"text\" name=\"your-name\" \/><\/span> <\/label>\n<\/p>\n<p><label> La tua email<br \/>\n<span class=\"wpcf7-form-control-wrap\" data-name=\"your-email\"><input size=\"40\" maxlength=\"400\" class=\"wpcf7-form-control wpcf7-email wpcf7-validates-as-required wpcf7-text wpcf7-validates-as-email\" autocomplete=\"email\" aria-required=\"true\" aria-invalid=\"false\" value=\"\" type=\"email\" name=\"your-email\" \/><\/span> <\/label>\n<\/p>\n<p><label> Oggetto<br \/>\n<span class=\"wpcf7-form-control-wrap\" data-name=\"your-subject\"><input size=\"40\" maxlength=\"400\" class=\"wpcf7-form-control wpcf7-text wpcf7-validates-as-required\" aria-required=\"true\" aria-invalid=\"false\" value=\"\" type=\"text\" name=\"your-subject\" \/><\/span> <\/label>\n<\/p>\n<p><label> Il tuo messaggio (facoltativo)<br \/>\n<span class=\"wpcf7-form-control-wrap\" data-name=\"your-message\"><textarea cols=\"40\" rows=\"10\" maxlength=\"2000\" class=\"wpcf7-form-control wpcf7-textarea\" aria-invalid=\"false\" name=\"your-message\"><\/textarea><\/span> <\/label>\n<\/p>\n<p><label> politica sulla privacy<br \/>\n<span class=\"wpcf7-form-control-wrap\" data-name=\"acceptance-3\"><span class=\"wpcf7-form-control wpcf7-acceptance optional\"><span class=\"wpcf7-list-item\"><input type=\"checkbox\" name=\"acceptance-3\" value=\"1\" aria-invalid=\"false\" \/><\/span><\/span><\/span> <\/label>\n<\/p>\n<p><input class=\"wpcf7-form-control wpcf7-submit has-spinner\" type=\"submit\" value=\"Invia\" \/>\n<\/p><p style=\"display: none !important;\"><label>&#916;<textarea name=\"_wpcf7_ak_hp_textarea\" cols=\"45\" rows=\"8\" maxlength=\"100\"><\/textarea><\/label><input type=\"hidden\" id=\"ak_js_1\" name=\"_wpcf7_ak_js\" value=\"210\"\/><script>document.getElementById( \"ak_js_1\" ).setAttribute( \"value\", ( new Date() ).getTime() );<\/script><\/p><div class=\"wpcf7-response-output\" aria-hidden=\"true\"><\/div>\n<\/form>\n<\/div>\n<\/div>\n","protected":false},"excerpt":{"rendered":"<p>Linda Lupo Architetta Disegnatrice CAD Graphic designer Una passione innata per l&#8217;architettura e il design Laureata in architettura, mi dedico con entusiasmo alla progettazione ed alla grafica in tutti i suoi aspetti. Con l&#8217;aiuto di professionisti collaboratori, desidero aiutare le persone a realizzare i loro sogni, le micro imprese a presentarsi al meglio sul web. [&hellip;]<\/p>\n","protected":false},"author":1,"featured_media":0,"parent":0,"menu_order":0,"comment_status":"closed","ping_status":"closed","template":"","meta":{"footnotes":""},"class_list":["post-437","page","type-page","status-publish","hentry"],"_links":{"self":[{"href":"https:\/\/fantasticosito.it\/index.php\/wp-json\/wp\/v2\/pages\/437","targetHints":{"allow":["GET"]}}],"collection":[{"href":"https:\/\/fantasticosito.it\/index.php\/wp-json\/wp\/v2\/pages"}],"about":[{"href":"https:\/\/fantasticosito.it\/index.php\/wp-json\/wp\/v2\/types\/page"}],"author":[{"embeddable":true,"href":"https:\/\/fantasticosito.it\/index.php\/wp-json\/wp\/v2\/users\/1"}],"replies":[{"embeddable":true,"href":"https:\/\/fantasticosito.it\/index.php\/wp-json\/wp\/v2\/comments?post=437"}],"version-history":[{"count":24,"href":"https:\/\/fantasticosito.it\/index.php\/wp-json\/wp\/v2\/pages\/437\/revisions"}],"predecessor-version":[{"id":1011,"href":"https:\/\/fantasticosito.it\/index.php\/wp-json\/wp\/v2\/pages\/437\/revisions\/1011"}],"wp:attachment":[{"href":"https:\/\/fantasticosito.it\/index.php\/wp-json\/wp\/v2\/media?parent=437"}],"curies":[{"name":"wp","href":"https:\/\/api.w.org\/{rel}","templated":true}]}}