{"id":10,"date":"2025-06-12T17:12:28","date_gmt":"2025-06-12T15:12:28","guid":{"rendered":"http:\/\/fantasticosito.it\/?page_id=10"},"modified":"2025-08-01T14:20:39","modified_gmt":"2025-08-01T12:20:39","slug":"sito-esempio-meccanico-auto","status":"publish","type":"page","link":"https:\/\/fantasticosito.it\/index.php\/siti-di-esempio\/sito-esempio-meccanico-auto\/","title":{"rendered":"Meccanico"},"content":{"rendered":"\n<div class=\"wp-block-cover alignfull has-parallax\" style=\"border-style:none;border-width:0px;margin-top:0;margin-bottom:0;padding-right:0;padding-left:0\"><div class=\"wp-block-cover__image-background wp-image-272 size-full has-parallax\" style=\"background-position:50% 50%;background-image:url(http:\/\/fantasticosito.it\/wp-content\/uploads\/2025\/07\/copertina-orizzontale.jpg)\"><\/div><span aria-hidden=\"true\" class=\"wp-block-cover__background has-background-dim\" style=\"background-color:#393b39\"><\/span><div class=\"wp-block-cover__inner-container is-layout-flow wp-block-cover-is-layout-flow\">\n<div class=\"wp-block-group alignfull has-base-color has-text-color has-global-padding is-layout-constrained wp-container-core-group-is-layout-ef3d885c wp-block-group-is-layout-constrained\" style=\"margin-top:0;margin-bottom:0;padding-top:var(--wp--preset--spacing--60);padding-right:var(--wp--preset--spacing--60);padding-bottom:var(--wp--preset--spacing--60);padding-left:var(--wp--preset--spacing--60)\">\n<div class=\"wp-block-columns alignwide is-layout-flex wp-container-core-columns-is-layout-28f84493 wp-block-columns-is-layout-flex\">\n<div class=\"wp-block-column is-layout-flow wp-block-column-is-layout-flow\" style=\"flex-basis:100%\">\n<div class=\"wp-block-group has-global-padding is-layout-constrained wp-block-group-is-layout-constrained\">\n<h1 class=\"wp-block-heading alignfull has-text-align-center has-base-2-color has-text-color has-xx-large-font-size\">BENVENUTI NELLA NOSTRA OFFICINA<\/h1>\n\n\n\n<h1 class=\"wp-block-heading alignwide has-text-align-center is-style-default has-base-2-color has-text-color has-link-color has-xx-large-font-size wp-elements-123ab75335d0d3c5375046a929ae61ee\">BLU MONT<\/h1>\n<\/div>\n<\/div>\n<\/div>\n<\/div>\n<\/div><\/div>\n\n\n\n<div style=\"height:51px\" aria-hidden=\"true\" class=\"wp-block-spacer\"><\/div>\n\n\n\n<div class=\"wp-block-columns alignwide is-layout-flex wp-container-core-columns-is-layout-28f84493 wp-block-columns-is-layout-flex\">\n<div class=\"wp-block-column is-layout-flow wp-block-column-is-layout-flow\">\n<h2 class=\"wp-block-heading has-text-align-center\">IL PUNTO DI RIFERIMENTO PER LA TUA AUTO<\/h2>\n<\/div>\n<\/div>\n\n\n\n<h2 class=\"wp-block-heading alignwide has-text-align-center\">TEL 011 2323232323<\/h2>\n\n\n\n<div class=\"wp-block-columns alignwide is-layout-flex wp-container-core-columns-is-layout-28f84493 wp-block-columns-is-layout-flex\">\n<div class=\"wp-block-column is-layout-flow wp-block-column-is-layout-flow\">\n<div class=\"wp-block-buttons is-content-justification-center is-layout-flex wp-container-core-buttons-is-layout-a89b3969 wp-block-buttons-is-layout-flex\">\n<div class=\"wp-block-button has-custom-width wp-block-button__width-100\"><a class=\"wp-block-button__link has-large-font-size has-text-align-center has-custom-font-size wp-element-button\"><strong>CONTATTACI ORA PER UN PREVENTIVO GRATUITO<\/strong><\/a><\/div>\n<\/div>\n<\/div>\n<\/div>\n\n\n\n<div style=\"height:51px\" aria-hidden=\"true\" class=\"wp-block-spacer\"><\/div>\n\n\n\n<div class=\"wp-block-columns alignwide is-layout-flex wp-container-core-columns-is-layout-28f84493 wp-block-columns-is-layout-flex\">\n<div class=\"wp-block-column is-layout-flow wp-block-column-is-layout-flow\" style=\"flex-basis:100%\">\n<blockquote class=\"wp-block-quote has-base-2-color has-text-color has-background has-link-color has-x-large-font-size wp-elements-e294bbc5f0c25c7bc35b076f466a2783 is-layout-flow wp-block-quote-is-layout-flow\" style=\"background:linear-gradient(44deg,rgb(64,70,84) 0%,rgb(75,107,92) 29%,rgb(107,25,25) 100%)\">\n<p class=\"has-text-align-center\"><strong>La nostra officina \u00e8 dotata di attrezzature moderne e ricambi di qualit\u00e0, e il nostro team di meccanici qualificati \u00e8 sempre aggiornato sulle ultime tecnologie automobilistiche, per offrirti un servizio impeccabile. <\/strong><\/p>\n\n\n\n<p class=\"has-text-align-center\"><strong>Per noi il cliente \u00e8 al primo posto per questo veniamo incontro alle vostre esigenze, con cordialit\u00e0.<\/strong><\/p>\n<\/blockquote>\n<\/div>\n<\/div>\n\n\n\n<div style=\"height:51px\" aria-hidden=\"true\" class=\"wp-block-spacer\"><\/div>\n\n\n\n<div class=\"wp-block-columns alignwide is-layout-flex wp-container-core-columns-is-layout-28f84493 wp-block-columns-is-layout-flex\">\n<div class=\"wp-block-column is-layout-flow wp-block-column-is-layout-flow\">\n<div class=\"wp-block-group has-global-padding is-layout-constrained wp-block-group-is-layout-constrained\">\n<div class=\"wp-block-media-text alignwide is-stacked-on-mobile is-image-fill-element has-background\" style=\"background:linear-gradient(3deg,#B5BDBC 0%,#F9F9F9 100%);grid-template-columns:52% auto\"><figure class=\"wp-block-media-text__media\"><img loading=\"lazy\" decoding=\"async\" width=\"418\" height=\"626\" src=\"http:\/\/fantasticosito.it\/wp-content\/uploads\/2025\/07\/meccanico-simpatico.jpg\" alt=\"\" class=\"wp-image-283 size-full\" style=\"object-position:50% 50%\" srcset=\"https:\/\/fantasticosito.it\/wp-content\/uploads\/2025\/07\/meccanico-simpatico.jpg 418w, https:\/\/fantasticosito.it\/wp-content\/uploads\/2025\/07\/meccanico-simpatico-200x300.jpg 200w\" sizes=\"auto, (max-width: 418px) 100vw, 418px\" \/><\/figure><div class=\"wp-block-media-text__content\">\n<p class=\"has-large-font-size\"><em>Con anni di esperienza nel settore e una passione autentica per i motori, offriamo un servizio professionale, rapido e su misura per ogni tipo di veicolo. <\/em><\/p>\n\n\n\n<p class=\"has-large-font-size\"><em>Che si tratti di un semplice tagliando, di una diagnosi elettronica, della revisione periodica o di interventi pi\u00f9 complessi, siamo qui per garantirti la massima sicurezza e affidabilit\u00e0 su strada.<\/em><\/p>\n\n\n\n<p class=\"has-large-font-size\">Miglior rapporto qualit\u00e0 prezzo.<\/p>\n\n\n\n<p class=\"has-x-large-font-size\">Blu Mont \u00e8 la scelta migliore per la tua auto. <\/p>\n\n\n\n<p class=\"has-x-large-font-size\">Affidati a noi. <\/p>\n<\/div><\/div>\n<\/div>\n<\/div>\n<\/div>\n\n\n\n<div style=\"height:51px\" aria-hidden=\"true\" class=\"wp-block-spacer\"><\/div>\n\n\n\n<div class=\"wp-block-group alignfull has-base-color has-text-color has-background has-global-padding is-layout-constrained wp-container-core-group-is-layout-8bf51df4 wp-block-group-is-layout-constrained\" style=\"border-radius:32px;background:linear-gradient(130deg,rgb(38,82,87) 0%,rgb(124,130,124) 48%,rgb(122,95,95) 64%,rgb(66,23,77) 88%);margin-top:0;margin-bottom:0;padding-top:var(--wp--preset--spacing--30);padding-right:var(--wp--preset--spacing--30);padding-bottom:var(--wp--preset--spacing--30);padding-left:var(--wp--preset--spacing--30)\">\n<div class=\"wp-block-group alignwide has-global-padding is-layout-constrained wp-block-group-is-layout-constrained\">\n<h1 class=\"wp-block-heading has-text-align-center has-base-2-color has-text-color has-link-color has-xx-large-font-size wp-elements-abe203a61bc31db4657010d8a2c9bb53\"><strong>I nostri servizi<\/strong><\/h1>\n\n\n\n<div class=\"wp-block-group alignwide is-vertical is-layout-flex wp-container-core-group-is-layout-fe9cc265 wp-block-group-is-layout-flex\">\n<p class=\"has-text-align-center has-large-font-size\">Presso la nostra officina offriamo un&#8217;apia gamma di servizi per garantire il perfetto funzionamento e la sicurezza del tuo veicolo. <\/p>\n\n\n\n<p class=\"has-text-align-center has-large-font-size\">Competenza, professionalit\u00e0 e passione per i motori sono al centro del nostro lavoro quotidiano.<\/p>\n<\/div>\n<\/div>\n<\/div>\n\n\n\n<div style=\"height:51px\" aria-hidden=\"true\" class=\"wp-block-spacer\"><\/div>\n\n\n\n<div class=\"wp-block-media-text alignwide is-stacked-on-mobile is-image-fill-element has-base-background-color has-background\"><figure class=\"wp-block-media-text__media\"><img loading=\"lazy\" decoding=\"async\" width=\"698\" height=\"1024\" src=\"http:\/\/fantasticosito.it\/wp-content\/uploads\/2025\/06\/olio-motore-1-698x1024.jpg\" alt=\"\" class=\"wp-image-26 size-full\" style=\"object-position:50% 50%\" srcset=\"https:\/\/fantasticosito.it\/wp-content\/uploads\/2025\/06\/olio-motore-1-698x1024.jpg 698w, https:\/\/fantasticosito.it\/wp-content\/uploads\/2025\/06\/olio-motore-1-600x880.jpg 600w, https:\/\/fantasticosito.it\/wp-content\/uploads\/2025\/06\/olio-motore-1-204x300.jpg 204w, https:\/\/fantasticosito.it\/wp-content\/uploads\/2025\/06\/olio-motore-1.jpg 736w\" sizes=\"auto, (max-width: 698px) 100vw, 698px\" \/><\/figure><div class=\"wp-block-media-text__content\">\n<h2 class=\"wp-block-heading\"><strong>Manutenzione Ordinaria e Straordinaria<\/strong><\/h2>\n\n\n\n<p class=\"has-large-font-size\">Effettuiamo tutti gli interventi di manutenzione previsti dal costruttore, come tagliandi, cambio olio e filtri, sostituzione candele, pastiglie freni, batterie e molto altro. <\/p>\n\n\n\n<p class=\"has-large-font-size\">Offriamo anche interventi straordinari su motore, trasmissione, sospensioni e impianto elettrico.<\/p>\n<\/div><\/div>\n\n\n\n<div class=\"wp-block-media-text alignwide has-media-on-the-right is-stacked-on-mobile is-image-fill-element has-base-background-color has-background\"><div class=\"wp-block-media-text__content\">\n<h2 class=\"wp-block-heading\"><strong>Servizio Pneumatici<\/strong><\/h2>\n\n\n\n<p class=\"has-large-font-size\">Vendita, montaggio ed equilibratura di pneumatici per tutte le stagioni. Eseguiamo anche la convergenza e il controllo dell\u2019usura per garantire massima aderenza e sicurezza su strada.<\/p>\n<\/div><figure class=\"wp-block-media-text__media\"><img loading=\"lazy\" decoding=\"async\" width=\"339\" height=\"509\" src=\"http:\/\/fantasticosito.it\/wp-content\/uploads\/2025\/06\/gomme-1.jpg\" alt=\"\" class=\"wp-image-28 size-full\" style=\"object-position:50% 50%\" srcset=\"https:\/\/fantasticosito.it\/wp-content\/uploads\/2025\/06\/gomme-1.jpg 339w, https:\/\/fantasticosito.it\/wp-content\/uploads\/2025\/06\/gomme-1-200x300.jpg 200w\" sizes=\"auto, (max-width: 339px) 100vw, 339px\" \/><\/figure><\/div>\n\n\n\n<div class=\"wp-block-media-text alignwide is-stacked-on-mobile is-image-fill-element has-base-background-color has-background\"><figure class=\"wp-block-media-text__media\"><img loading=\"lazy\" decoding=\"async\" width=\"654\" height=\"1024\" src=\"http:\/\/fantasticosito.it\/wp-content\/uploads\/2025\/06\/dischi-freni-654x1024.jpg\" alt=\"\" class=\"wp-image-30 size-full\" style=\"object-position:50% 50%\" srcset=\"https:\/\/fantasticosito.it\/wp-content\/uploads\/2025\/06\/dischi-freni-654x1024.jpg 654w, https:\/\/fantasticosito.it\/wp-content\/uploads\/2025\/06\/dischi-freni-600x940.jpg 600w, https:\/\/fantasticosito.it\/wp-content\/uploads\/2025\/06\/dischi-freni-192x300.jpg 192w, https:\/\/fantasticosito.it\/wp-content\/uploads\/2025\/06\/dischi-freni.jpg 736w\" sizes=\"auto, (max-width: 654px) 100vw, 654px\" \/><\/figure><div class=\"wp-block-media-text__content\">\n<h2 class=\"wp-block-heading\"><strong>Preparazione Revisione<\/strong><\/h2>\n\n\n\n<p class=\"has-large-font-size\">Effettuiamo tutti i controlli necessari per preparare il veicolo alla revisione periodica. <\/p>\n\n\n\n<p class=\"has-large-font-size\">Ammortizzatori, sistema frenante, luci, carrozzeria. <\/p>\n\n\n\n<p class=\"has-large-font-size\">Su richiesta, possiamo accompagnare l\u2019auto al centro revisione per tuo conto.<\/p>\n\n\n\n<p><\/p>\n<\/div><\/div>\n\n\n\n<div class=\"wp-block-media-text alignwide has-media-on-the-right is-stacked-on-mobile is-image-fill-element has-base-background-color has-background\"><div class=\"wp-block-media-text__content\">\n<h2 class=\"wp-block-heading\"><strong>Riparazioni meccaniche<\/strong><\/h2>\n\n\n\n<p class=\"has-large-font-size\">Interveniamo sui guasti meccanici di ogni tipo, offrendo soluzioni rapide ed efficaci.<\/p>\n\n\n\n<p class=\"has-large-font-size\">Che si tratti di problemi al motore alla frizione, al cambio, o al sistema di scarico, Sapremo assisterti con seriet\u00e0 e professionalit\u00e0. <\/p>\n<\/div><figure class=\"wp-block-media-text__media\"><img loading=\"lazy\" decoding=\"async\" width=\"626\" height=\"939\" src=\"http:\/\/fantasticosito.it\/wp-content\/uploads\/2025\/06\/motore.jpg\" alt=\"\" class=\"wp-image-34 size-full\" style=\"object-position:50% 50%\" srcset=\"https:\/\/fantasticosito.it\/wp-content\/uploads\/2025\/06\/motore.jpg 626w, https:\/\/fantasticosito.it\/wp-content\/uploads\/2025\/06\/motore-600x900.jpg 600w, https:\/\/fantasticosito.it\/wp-content\/uploads\/2025\/06\/motore-200x300.jpg 200w\" sizes=\"auto, (max-width: 626px) 100vw, 626px\" \/><\/figure><\/div>\n\n\n\n<div class=\"wp-block-media-text alignwide is-stacked-on-mobile is-image-fill-element has-base-background-color has-background\"><figure class=\"wp-block-media-text__media\"><img loading=\"lazy\" decoding=\"async\" width=\"418\" height=\"626\" src=\"http:\/\/fantasticosito.it\/wp-content\/uploads\/2025\/06\/meccanico-in-officina.jpg\" alt=\"\" class=\"wp-image-11 size-full\" style=\"object-position:50% 50%\" srcset=\"https:\/\/fantasticosito.it\/wp-content\/uploads\/2025\/06\/meccanico-in-officina.jpg 418w, https:\/\/fantasticosito.it\/wp-content\/uploads\/2025\/06\/meccanico-in-officina-200x300.jpg 200w\" sizes=\"auto, (max-width: 418px) 100vw, 418px\" \/><\/figure><div class=\"wp-block-media-text__content\">\n<h2 class=\"wp-block-heading\"><strong>Diagnosi elettronica<\/strong><\/h2>\n\n\n\n<p class=\"has-large-font-size\">Utilizziamo strumenti diagnostici all&#8217;avanguardia per individuare in modo preciso eventuali guasti  o anomalie alle parti meccaniche.<\/p>\n\n\n\n<p class=\"has-large-font-size\">La nostra attrezzatura \u00e8 compatibile con i veicoli delle principali marche.  <\/p>\n<\/div><\/div>\n\n\n\n<p><\/p>\n\n\n\n<figure class=\"wp-block-pullquote alignfull has-base-2-color has-text-color has-background has-link-color has-x-large-font-size wp-elements-7baf1caffde13a3e4c22e8c9c4b12d3a\" style=\"background:linear-gradient(127deg,rgb(93,41,41) 0%,rgb(109,129,129) 35%,rgb(63,30,63) 80%,rgb(126,45,45) 100%)\"><blockquote><p>Con noi sei in buone mani<br>Officina BLU MONT <br>011 222222222<br>Chiama adesso<br>vieni a trovarci per un preventivo gratuito e senza impegno<br>Ci troviamo in via fnae\u00f2wokef  Torino<\/p><\/blockquote><\/figure>\n\n\n\n<div style=\"height:100px\" aria-hidden=\"true\" class=\"wp-block-spacer\"><\/div>\n\n\n\n<div class=\"wp-block-columns alignwide is-layout-flex wp-container-core-columns-is-layout-28f84493 wp-block-columns-is-layout-flex\">\n<div class=\"wp-block-column is-layout-flow wp-block-column-is-layout-flow\">\n<h2 class=\"wp-block-heading\">Questo \u00e8 soltanto una sintetica dimostrazione di come potrebbe apparire il tuo sito web.<\/h2>\n\n\n\n<p class=\"has-large-font-size\">Per poterlo personalizzare con le tue foto ed i testi descrittivi della tua attivit\u00e0 <\/p>\n\n\n\n<p class=\"has-large-font-size\">compila il formulario di contatto in modo che io possa ricontattarti.<\/p>\n\n\n\n<p class=\"has-large-font-size\"><strong>Nessuno meglio di te pu\u00f2 sapere cosa sai fare e come lo fai. <\/strong><\/p>\n\n\n\n<p class=\"has-large-font-size\">Raccontami &#8230;. insieme possiamo farne uno <strong>fantastico<\/strong>.<\/p>\n\n\n\n<p class=\"has-accent-3-color has-text-color has-link-color has-x-large-font-size wp-elements-6bfbe4a59436060f4f236ebad060ca5a\"><strong>Fantastico sito <\/strong><\/p>\n<\/div>\n<\/div>\n\n\n\n<div class=\"wp-block-columns alignwide has-accent-background-color has-background is-layout-flex wp-container-core-columns-is-layout-28f84493 wp-block-columns-is-layout-flex\">\n<div class=\"wp-block-column is-vertically-aligned-center has-accent-background-color has-background is-layout-flow wp-block-column-is-layout-flow\" style=\"padding-top:var(--wp--preset--spacing--10);padding-right:var(--wp--preset--spacing--20);padding-bottom:var(--wp--preset--spacing--10);padding-left:var(--wp--preset--spacing--20)\">\n<div class=\"wp-block-contact-form-7-contact-form-selector\">\n<div class=\"wpcf7 no-js\" id=\"wpcf7-f876-o1\" lang=\"it-IT\" dir=\"ltr\" data-wpcf7-id=\"876\">\n<div class=\"screen-reader-response\"><p role=\"status\" aria-live=\"polite\" aria-atomic=\"true\"><\/p> <ul><\/ul><\/div>\n<form action=\"\/index.php\/wp-json\/wp\/v2\/pages\/10#wpcf7-f876-o1\" method=\"post\" class=\"wpcf7-form init\" aria-label=\"Modulo di contatto\" novalidate=\"novalidate\" data-status=\"init\">\n<div style=\"display: none;\">\n<input type=\"hidden\" name=\"_wpcf7\" value=\"876\" \/>\n<input type=\"hidden\" name=\"_wpcf7_version\" value=\"6.0.6\" \/>\n<input type=\"hidden\" name=\"_wpcf7_locale\" value=\"it_IT\" \/>\n<input type=\"hidden\" name=\"_wpcf7_unit_tag\" value=\"wpcf7-f876-o1\" \/>\n<input type=\"hidden\" name=\"_wpcf7_container_post\" value=\"0\" \/>\n<input type=\"hidden\" name=\"_wpcf7_posted_data_hash\" value=\"\" \/>\n<\/div>\n<p>Formulario di contatto\n<\/p>\n<p><label> Il tuo nome<br \/>\n<span class=\"wpcf7-form-control-wrap\" data-name=\"your-name\"><input size=\"40\" maxlength=\"400\" class=\"wpcf7-form-control wpcf7-text wpcf7-validates-as-required\" autocomplete=\"name\" aria-required=\"true\" aria-invalid=\"false\" value=\"\" type=\"text\" name=\"your-name\" \/><\/span> <\/label>\n<\/p>\n<p><label> La tua email<br \/>\n<span class=\"wpcf7-form-control-wrap\" data-name=\"your-email\"><input size=\"40\" maxlength=\"400\" class=\"wpcf7-form-control wpcf7-email wpcf7-validates-as-required wpcf7-text wpcf7-validates-as-email\" autocomplete=\"email\" aria-required=\"true\" aria-invalid=\"false\" value=\"\" type=\"email\" name=\"your-email\" \/><\/span> <\/label>\n<\/p>\n<p><label> Oggetto<br \/>\n<span class=\"wpcf7-form-control-wrap\" data-name=\"your-subject\"><input size=\"40\" maxlength=\"400\" class=\"wpcf7-form-control wpcf7-text wpcf7-validates-as-required\" aria-required=\"true\" aria-invalid=\"false\" value=\"\" type=\"text\" name=\"your-subject\" \/><\/span> <\/label>\n<\/p>\n<p><label> Il tuo messaggio (facoltativo)<br \/>\n<span class=\"wpcf7-form-control-wrap\" data-name=\"your-message\"><textarea cols=\"40\" rows=\"10\" maxlength=\"2000\" class=\"wpcf7-form-control wpcf7-textarea\" aria-invalid=\"false\" name=\"your-message\"><\/textarea><\/span> <\/label>\n<\/p>\n<p><label> politica sulla privacy<br \/>\n<span class=\"wpcf7-form-control-wrap\" data-name=\"acceptance-3\"><span class=\"wpcf7-form-control wpcf7-acceptance optional\"><span class=\"wpcf7-list-item\"><input type=\"checkbox\" name=\"acceptance-3\" value=\"1\" aria-invalid=\"false\" \/><\/span><\/span><\/span> <\/label>\n<\/p>\n<p><input class=\"wpcf7-form-control wpcf7-submit has-spinner\" type=\"submit\" value=\"Invia\" \/>\n<\/p><p style=\"display: none !important;\"><label>&#916;<textarea name=\"_wpcf7_ak_hp_textarea\" cols=\"45\" rows=\"8\" maxlength=\"100\"><\/textarea><\/label><input type=\"hidden\" id=\"ak_js_1\" name=\"_wpcf7_ak_js\" value=\"189\"\/><script>document.getElementById( \"ak_js_1\" ).setAttribute( \"value\", ( new Date() ).getTime() );<\/script><\/p><div class=\"wpcf7-response-output\" aria-hidden=\"true\"><\/div>\n<\/form>\n<\/div>\n<\/div>\n<\/div>\n\n\n\n<div class=\"wp-block-column is-layout-flow wp-block-column-is-layout-flow\">\n<figure class=\"wp-block-image size-full\"><img loading=\"lazy\" decoding=\"async\" width=\"626\" height=\"417\" src=\"http:\/\/fantasticosito.it\/wp-content\/uploads\/2025\/07\/call-center.jpg\" alt=\"\" class=\"wp-image-681\" srcset=\"https:\/\/fantasticosito.it\/wp-content\/uploads\/2025\/07\/call-center.jpg 626w, https:\/\/fantasticosito.it\/wp-content\/uploads\/2025\/07\/call-center-300x200.jpg 300w\" sizes=\"auto, (max-width: 626px) 100vw, 626px\" \/><\/figure>\n<\/div>\n<\/div>\n\n\n\n<p><\/p>\n","protected":false},"excerpt":{"rendered":"<p>IL PUNTO DI RIFERIMENTO PER LA TUA AUTO TEL 011 2323232323 La nostra officina \u00e8 dotata di attrezzature moderne e ricambi di qualit\u00e0, e il nostro team di meccanici qualificati \u00e8 sempre aggiornato sulle ultime tecnologie automobilistiche, per offrirti un servizio impeccabile. Per noi il cliente \u00e8 al primo posto per questo veniamo incontro alle [&hellip;]<\/p>\n","protected":false},"author":1,"featured_media":16,"parent":452,"menu_order":1,"comment_status":"closed","ping_status":"closed","template":"","meta":{"footnotes":""},"class_list":["post-10","page","type-page","status-publish","has-post-thumbnail","hentry"],"_links":{"self":[{"href":"https:\/\/fantasticosito.it\/index.php\/wp-json\/wp\/v2\/pages\/10","targetHints":{"allow":["GET"]}}],"collection":[{"href":"https:\/\/fantasticosito.it\/index.php\/wp-json\/wp\/v2\/pages"}],"about":[{"href":"https:\/\/fantasticosito.it\/index.php\/wp-json\/wp\/v2\/types\/page"}],"author":[{"embeddable":true,"href":"https:\/\/fantasticosito.it\/index.php\/wp-json\/wp\/v2\/users\/1"}],"replies":[{"embeddable":true,"href":"https:\/\/fantasticosito.it\/index.php\/wp-json\/wp\/v2\/comments?post=10"}],"version-history":[{"count":45,"href":"https:\/\/fantasticosito.it\/index.php\/wp-json\/wp\/v2\/pages\/10\/revisions"}],"predecessor-version":[{"id":915,"href":"https:\/\/fantasticosito.it\/index.php\/wp-json\/wp\/v2\/pages\/10\/revisions\/915"}],"up":[{"embeddable":true,"href":"https:\/\/fantasticosito.it\/index.php\/wp-json\/wp\/v2\/pages\/452"}],"wp:featuredmedia":[{"embeddable":true,"href":"https:\/\/fantasticosito.it\/index.php\/wp-json\/wp\/v2\/media\/16"}],"wp:attachment":[{"href":"https:\/\/fantasticosito.it\/index.php\/wp-json\/wp\/v2\/media?parent=10"}],"curies":[{"name":"wp","href":"https:\/\/api.w.org\/{rel}","templated":true}]}}